{"id":25,"date":"2024-02-04T12:29:59","date_gmt":"2024-02-04T16:29:59","guid":{"rendered":"http:\/\/avao.test\/?page_id=25"},"modified":"2024-07-11T09:43:50","modified_gmt":"2024-07-11T13:43:50","slug":"academico","status":"publish","type":"page","link":"https:\/\/zuseconsulting.com\/avao\/academico\/","title":{"rendered":"Acad\u00e9mico"},"content":{"rendered":"<p><span class=\"fontstyle2\">El <strong>Postgrado de oftalmolog\u00eda<\/strong> de la Fundaci\u00f3n AVAO fue fundado en el a\u00f1o 1995, como respuesta al escaso n\u00famero de oftalm\u00f3logos existentes en el pa\u00eds, y ante la creciente demanda de pacientes con patolog\u00eda oftalmol\u00f3gica, que debido a la carencia de especialistas en oftalmolog\u00eda corr\u00edan el riesgo de perder la visi\u00f3n.<br \/>\n<\/span><\/p>\n<p>&nbsp;<br \/>\n<span class=\"fontstyle2\">Desde su fundaci\u00f3n, el postgrado de oftalmolog\u00eda de la AVAO se han convertido en uno de los m\u00e1s importantes proveedores de oftalm\u00f3logos para todo el pa\u00eds y muchos de nuestros egresados ocupan posiciones acad\u00e9micas y cient\u00edficas de renombre tanto a nivel nacional e internacional, elevando de esta manera el prestigio y orgullo de nuestra instituci\u00f3n, a la vez, mantiene actividades cient\u00edficas como simposios y cursos anuales a nivel regional, nacional e internacional que dan realce a nuestro casa de estudios.<br \/>\n<\/span><\/p>\n<p>&nbsp;<br \/>\n<span class=\"fontstyle2\">Adem\u00e1s, en el campo docente, contribuye con la formaci\u00f3n profesionales en el \u00e1rea de salud visual a trav\u00e9s de una serie de programas dise\u00f1ados para tales fines, en las \u00e1reas de <strong>Anestesia Oftalmol\u00f3gica, C\u00f3rnea y Cirug\u00eda Refractiva, Cirug\u00eda Pl\u00e1stica Ocular, Glaucoma,\u00a0 Neurofarmacolog\u00eda, Retina y V\u00edtreo; Segmento Anterior, Instrumentaci\u00f3n Oftalmol\u00f3gica dirigido a TSU y Licenciadas en enfermer\u00eda y Asistencia en Oftalmolog\u00eda dirigida a Opt\u00f3metras y TSU en Oftalmolog\u00eda.<\/strong> <strong>Cursos tutoriales de facoemulsificaci\u00f3n y Congreso anual de actualizaci\u00f3n en oftalmolog\u00eda.<\/strong><br \/>\n<\/span class=\"fontstyle2\"><\/p>\n<p>&nbsp;<br \/>\n<span><strong>Hasta la fecha se han graduado m\u00e1s de 60 Oftalm\u00f3logos y 216 sud-especialistas has realizados cursos de ampliaci\u00f3n en nuestras instalaciones<\/strong><br \/>\n<\/span><\/p>\n","protected":false},"excerpt":{"rendered":"<p>El Postgrado de oftalmolog\u00eda de la Fundaci\u00f3n AVAO fue fundado en el a\u00f1o 1995, como respuesta al escaso n\u00famero de oftalm\u00f3logos existentes en el pa\u00eds, y ante la creciente demanda de pacientes con patolog\u00eda oftalmol\u00f3gica, que debido a la carencia de especialistas en oftalmolog\u00eda corr\u00edan el riesgo de perder la visi\u00f3n. &nbsp; Desde su fundaci\u00f3n, [&hellip;]<\/p>\n","protected":false},"author":1,"featured_media":341,"parent":0,"menu_order":0,"comment_status":"closed","ping_status":"closed","template":"","meta":{"footnotes":""},"class_list":["post-25","page","type-page","status-publish","has-post-thumbnail","hentry"],"acf":{"link_cards":null},"_links":{"self":[{"href":"https:\/\/zuseconsulting.com\/avao\/wp-json\/wp\/v2\/pages\/25","targetHints":{"allow":["GET"]}}],"collection":[{"href":"https:\/\/zuseconsulting.com\/avao\/wp-json\/wp\/v2\/pages"}],"about":[{"href":"https:\/\/zuseconsulting.com\/avao\/wp-json\/wp\/v2\/types\/page"}],"author":[{"embeddable":true,"href":"https:\/\/zuseconsulting.com\/avao\/wp-json\/wp\/v2\/users\/1"}],"replies":[{"embeddable":true,"href":"https:\/\/zuseconsulting.com\/avao\/wp-json\/wp\/v2\/comments?post=25"}],"version-history":[{"count":32,"href":"https:\/\/zuseconsulting.com\/avao\/wp-json\/wp\/v2\/pages\/25\/revisions"}],"predecessor-version":[{"id":361,"href":"https:\/\/zuseconsulting.com\/avao\/wp-json\/wp\/v2\/pages\/25\/revisions\/361"}],"wp:featuredmedia":[{"embeddable":true,"href":"https:\/\/zuseconsulting.com\/avao\/wp-json\/wp\/v2\/media\/341"}],"wp:attachment":[{"href":"https:\/\/zuseconsulting.com\/avao\/wp-json\/wp\/v2\/media?parent=25"}],"curies":[{"name":"wp","href":"https:\/\/api.w.org\/{rel}","templated":true}]}}