{"id":39,"date":"2024-02-04T12:32:52","date_gmt":"2024-02-04T16:32:52","guid":{"rendered":"http:\/\/avao.test\/?page_id=39"},"modified":"2024-07-10T18:33:51","modified_gmt":"2024-07-10T22:33:51","slug":"asistencial","status":"publish","type":"page","link":"https:\/\/zuseconsulting.com\/avao\/asistencial\/","title":{"rendered":"Asistencial"},"content":{"rendered":"<p><span class=\"fontstyle0\">La <\/span><span class=\"fontstyle2\">Fundaci\u00f3n AVAO <\/span><span class=\"fontstyle0\">ofrece a sus pacientes: consultas oftalmol\u00f3gicas general, estudios especializados, y cirug\u00edas principalmente Cataratas. (Se except\u00faa Retina). El aporte monetario del Paciente, conjuntamente con la <\/span><span class=\"fontstyle2\">Unidad Oftalmol\u00f3gica de Caracas<\/span><span class=\"fontstyle0\">, hace posible poder brindarles el mejor servicio.<\/span><\/p>\n","protected":false},"excerpt":{"rendered":"<p>La Fundaci\u00f3n AVAO ofrece a sus pacientes: consultas oftalmol\u00f3gicas general, estudios especializados, y cirug\u00edas principalmente Cataratas. (Se except\u00faa Retina). El aporte monetario del Paciente, conjuntamente con la Unidad Oftalmol\u00f3gica de Caracas, hace posible poder brindarles el mejor servicio.<\/p>\n","protected":false},"author":1,"featured_media":339,"parent":0,"menu_order":0,"comment_status":"closed","ping_status":"closed","template":"","meta":{"footnotes":""},"class_list":["post-39","page","type-page","status-publish","has-post-thumbnail","hentry"],"acf":{"link_cards":null},"_links":{"self":[{"href":"https:\/\/zuseconsulting.com\/avao\/wp-json\/wp\/v2\/pages\/39","targetHints":{"allow":["GET"]}}],"collection":[{"href":"https:\/\/zuseconsulting.com\/avao\/wp-json\/wp\/v2\/pages"}],"about":[{"href":"https:\/\/zuseconsulting.com\/avao\/wp-json\/wp\/v2\/types\/page"}],"author":[{"embeddable":true,"href":"https:\/\/zuseconsulting.com\/avao\/wp-json\/wp\/v2\/users\/1"}],"replies":[{"embeddable":true,"href":"https:\/\/zuseconsulting.com\/avao\/wp-json\/wp\/v2\/comments?post=39"}],"version-history":[{"count":29,"href":"https:\/\/zuseconsulting.com\/avao\/wp-json\/wp\/v2\/pages\/39\/revisions"}],"predecessor-version":[{"id":342,"href":"https:\/\/zuseconsulting.com\/avao\/wp-json\/wp\/v2\/pages\/39\/revisions\/342"}],"wp:featuredmedia":[{"embeddable":true,"href":"https:\/\/zuseconsulting.com\/avao\/wp-json\/wp\/v2\/media\/339"}],"wp:attachment":[{"href":"https:\/\/zuseconsulting.com\/avao\/wp-json\/wp\/v2\/media?parent=39"}],"curies":[{"name":"wp","href":"https:\/\/api.w.org\/{rel}","templated":true}]}}