{"id":41,"date":"2024-02-04T12:33:20","date_gmt":"2024-02-04T16:33:20","guid":{"rendered":"http:\/\/avao.test\/?page_id=41"},"modified":"2024-07-11T08:56:54","modified_gmt":"2024-07-11T12:56:54","slug":"ayudanos","status":"publish","type":"page","link":"https:\/\/zuseconsulting.com\/avao\/ayudanos\/","title":{"rendered":"Ay\u00fadanos"},"content":{"rendered":"<h3><span class=\"fontstyle0\"><strong>T\u00fa pones tu Coraz\u00f3n\u2026 Nosotros nuestras manos !!!\u00a0\u00a0<\/strong><br \/>\n<\/span><\/h3>\n<p>\n<span class=\"fontstyle2\">A trav\u00e9s de la Fundaci\u00f3n AVAO llevamos la esperanza de recobrar la vista a miles de personas de escasos recursos, brind\u00e1ndoles una mejor calidad de vida.<br \/>\n<\/span><br \/>\n <br \/>\n&nbsp;<\/p>\n<h3><strong><span class=\"fontstyle0\">T\u00fa Colaboraci\u00f3n es su Esperanza!!!<\/span><\/strong><\/h3>\n<p><span class=\"fontstyle0\"><br \/>\n <br \/>\n<\/span><span class=\"fontstyle2\">Un minuto de reflexi\u00f3n, y cualquier aporte que puedas realizar, por peque\u00f1o que sea sobre todo lo que puedas ofrecer a un Adulto Mayor necesitado, con un m\u00ednima contribuci\u00f3n, es la mejor manera de sembrar una semilla de luz en\u00a0 esos ojos que ya han perdido de vista la ilusi\u00f3n de contar con una mano amiga que les devuelva la calidad de vida que merecen.\u00a0<\/span><\/p>\n<p><span class=\"fontstyle2\">Recuerda, t\u00fa tambi\u00e9n puedes ayudar en el desarrollo de este programa humanitario, a trav\u00e9s de tu donaci\u00f3n:<\/span><\/p>\n<p>&nbsp;<\/p>\n","protected":false},"excerpt":{"rendered":"<p>T\u00fa pones tu Coraz\u00f3n\u2026 Nosotros nuestras manos !!!\u00a0\u00a0 A trav\u00e9s de la Fundaci\u00f3n AVAO llevamos la esperanza de recobrar la vista a miles de personas de escasos recursos, brind\u00e1ndoles una mejor calidad de vida. &nbsp; T\u00fa Colaboraci\u00f3n es su Esperanza!!! Un minuto de reflexi\u00f3n, y cualquier aporte que puedas realizar, por peque\u00f1o que sea sobre [&hellip;]<\/p>\n","protected":false},"author":1,"featured_media":339,"parent":0,"menu_order":0,"comment_status":"closed","ping_status":"closed","template":"","meta":{"footnotes":""},"class_list":["post-41","page","type-page","status-publish","has-post-thumbnail","hentry"],"acf":{"link_cards":null},"_links":{"self":[{"href":"https:\/\/zuseconsulting.com\/avao\/wp-json\/wp\/v2\/pages\/41","targetHints":{"allow":["GET"]}}],"collection":[{"href":"https:\/\/zuseconsulting.com\/avao\/wp-json\/wp\/v2\/pages"}],"about":[{"href":"https:\/\/zuseconsulting.com\/avao\/wp-json\/wp\/v2\/types\/page"}],"author":[{"embeddable":true,"href":"https:\/\/zuseconsulting.com\/avao\/wp-json\/wp\/v2\/users\/1"}],"replies":[{"embeddable":true,"href":"https:\/\/zuseconsulting.com\/avao\/wp-json\/wp\/v2\/comments?post=41"}],"version-history":[{"count":6,"href":"https:\/\/zuseconsulting.com\/avao\/wp-json\/wp\/v2\/pages\/41\/revisions"}],"predecessor-version":[{"id":344,"href":"https:\/\/zuseconsulting.com\/avao\/wp-json\/wp\/v2\/pages\/41\/revisions\/344"}],"wp:featuredmedia":[{"embeddable":true,"href":"https:\/\/zuseconsulting.com\/avao\/wp-json\/wp\/v2\/media\/339"}],"wp:attachment":[{"href":"https:\/\/zuseconsulting.com\/avao\/wp-json\/wp\/v2\/media?parent=41"}],"curies":[{"name":"wp","href":"https:\/\/api.w.org\/{rel}","templated":true}]}}