{"id":45,"date":"2024-02-04T12:34:37","date_gmt":"2024-02-04T16:34:37","guid":{"rendered":"http:\/\/avao.test\/?page_id=45"},"modified":"2024-07-11T09:51:25","modified_gmt":"2024-07-11T13:51:25","slug":"jornadas-realizadas","status":"publish","type":"page","link":"https:\/\/zuseconsulting.com\/avao\/jornadas-realizadas\/","title":{"rendered":"Jornadas realizadas"},"content":{"rendered":"<p><span class=\"fontstyle0\">AVAO promueve y participa activamente en Jornadas M\u00e9dicas a pacientes especiales y de mayor vulnerabilidad, en tal sentido, se tiene la colaboraci\u00f3n con algunas casas de Adultos Mayores (geri\u00e1tricos), Fundaciones de ni\u00f1os con\u00a0 condiciones Especiales Funda Down y otras instituciones que as\u00ed lo requieran, con atenci\u00f3n primaria en nuestras instalaciones o en la sede de instituciones que lo soliciten.<\/span><\/p>\n","protected":false},"excerpt":{"rendered":"<p>AVAO promueve y participa activamente en Jornadas M\u00e9dicas a pacientes especiales y de mayor vulnerabilidad, en tal sentido, se tiene la colaboraci\u00f3n con algunas casas de Adultos Mayores (geri\u00e1tricos), Fundaciones de ni\u00f1os con\u00a0 condiciones Especiales Funda Down y otras instituciones que as\u00ed lo requieran, con atenci\u00f3n primaria en nuestras instalaciones o en la sede de [&hellip;]<\/p>\n","protected":false},"author":1,"featured_media":340,"parent":0,"menu_order":0,"comment_status":"closed","ping_status":"closed","template":"","meta":{"footnotes":""},"class_list":["post-45","page","type-page","status-publish","has-post-thumbnail","hentry"],"acf":{"link_cards":null},"_links":{"self":[{"href":"https:\/\/zuseconsulting.com\/avao\/wp-json\/wp\/v2\/pages\/45","targetHints":{"allow":["GET"]}}],"collection":[{"href":"https:\/\/zuseconsulting.com\/avao\/wp-json\/wp\/v2\/pages"}],"about":[{"href":"https:\/\/zuseconsulting.com\/avao\/wp-json\/wp\/v2\/types\/page"}],"author":[{"embeddable":true,"href":"https:\/\/zuseconsulting.com\/avao\/wp-json\/wp\/v2\/users\/1"}],"replies":[{"embeddable":true,"href":"https:\/\/zuseconsulting.com\/avao\/wp-json\/wp\/v2\/comments?post=45"}],"version-history":[{"count":4,"href":"https:\/\/zuseconsulting.com\/avao\/wp-json\/wp\/v2\/pages\/45\/revisions"}],"predecessor-version":[{"id":362,"href":"https:\/\/zuseconsulting.com\/avao\/wp-json\/wp\/v2\/pages\/45\/revisions\/362"}],"wp:featuredmedia":[{"embeddable":true,"href":"https:\/\/zuseconsulting.com\/avao\/wp-json\/wp\/v2\/media\/340"}],"wp:attachment":[{"href":"https:\/\/zuseconsulting.com\/avao\/wp-json\/wp\/v2\/media?parent=45"}],"curies":[{"name":"wp","href":"https:\/\/api.w.org\/{rel}","templated":true}]}}