{"id":8,"date":"2024-02-04T00:49:47","date_gmt":"2024-02-04T04:49:47","guid":{"rendered":"http:\/\/avao.test\/?page_id=8"},"modified":"2024-06-25T09:28:22","modified_gmt":"2024-06-25T13:28:22","slug":"inicio","status":"publish","type":"page","link":"https:\/\/zuseconsulting.com\/avao\/","title":{"rendered":"Inicio"},"content":{"rendered":"<p>Bienvenidos a La Fundaci\u00f3n AVAO, somos una\u00a0 organizaci\u00f3n sin fines de lucro creada en 1984, dedicada a la Formaci\u00f3n Docente y a la Asistencia Social en el \u00e1rea de la salud visual.<\/p>\n<p>Dirige su esfuerzo a la atenci\u00f3n de pacientes de escasos recursos econ\u00f3micos, brind\u00e1ndoles atenci\u00f3n para la salud visual, con personal M\u00e9dico en actualizaci\u00f3n permanente.<\/p>\n","protected":false},"excerpt":{"rendered":"<p>Bienvenidos a La Fundaci\u00f3n AVAO, somos una\u00a0 organizaci\u00f3n sin fines de lucro creada en 1984, dedicada a la Formaci\u00f3n Docente y a la Asistencia Social en el \u00e1rea de la salud visual. Dirige su esfuerzo a la atenci\u00f3n de pacientes de escasos recursos econ\u00f3micos, brind\u00e1ndoles atenci\u00f3n para la salud visual, con personal M\u00e9dico en actualizaci\u00f3n [&hellip;]<\/p>\n","protected":false},"author":1,"featured_media":0,"parent":0,"menu_order":0,"comment_status":"closed","ping_status":"closed","template":"","meta":{"footnotes":""},"class_list":["post-8","page","type-page","status-publish","hentry"],"acf":{"link_cards":[{"title":"\u00bfDeseas informaci\u00f3n de nuestras consultas?","link":{"title":"Asistencial","url":"https:\/\/zuseconsulting.com\/avao\/asistencial\/","target":""},"bg_type":true,"bg_color":"primary","bg_image":null,"increase":true},{"title":"\u00bfQuieres realizar tus estudios con nosotros?","link":{"title":"Acad\u00e9mico","url":"https:\/\/zuseconsulting.com\/avao\/academico\/","target":""},"bg_type":true,"bg_color":"quaternary","bg_image":null,"increase":true},{"title":"\u00bfEres m\u00e9dico y quieres participar en nuestro eventos?","link":{"title":"Eventos","url":"https:\/\/zuseconsulting.com\/avao\/eventos\/","target":""},"bg_type":true,"bg_color":"primary","bg_image":null,"increase":true}]},"_links":{"self":[{"href":"https:\/\/zuseconsulting.com\/avao\/wp-json\/wp\/v2\/pages\/8","targetHints":{"allow":["GET"]}}],"collection":[{"href":"https:\/\/zuseconsulting.com\/avao\/wp-json\/wp\/v2\/pages"}],"about":[{"href":"https:\/\/zuseconsulting.com\/avao\/wp-json\/wp\/v2\/types\/page"}],"author":[{"embeddable":true,"href":"https:\/\/zuseconsulting.com\/avao\/wp-json\/wp\/v2\/users\/1"}],"replies":[{"embeddable":true,"href":"https:\/\/zuseconsulting.com\/avao\/wp-json\/wp\/v2\/comments?post=8"}],"version-history":[{"count":24,"href":"https:\/\/zuseconsulting.com\/avao\/wp-json\/wp\/v2\/pages\/8\/revisions"}],"predecessor-version":[{"id":321,"href":"https:\/\/zuseconsulting.com\/avao\/wp-json\/wp\/v2\/pages\/8\/revisions\/321"}],"wp:attachment":[{"href":"https:\/\/zuseconsulting.com\/avao\/wp-json\/wp\/v2\/media?parent=8"}],"curies":[{"name":"wp","href":"https:\/\/api.w.org\/{rel}","templated":true}]}}